{"id":2591,"date":"2025-03-21T06:48:52","date_gmt":"2025-03-21T06:48:52","guid":{"rendered":"https:\/\/ernaehrungstrends.com\/index.php\/home\/"},"modified":"2026-01-14T15:28:05","modified_gmt":"2026-01-14T15:28:05","slug":"home","status":"publish","type":"page","link":"https:\/\/ernaehrungstrends.com\/en\/","title":{"rendered":"Home"},"content":{"rendered":"\t\t<div data-elementor-type=\"wp-page\" data-elementor-id=\"2591\" class=\"elementor elementor-2591 elementor-1634\">\n\t\t\t\t<div class=\"elementor-element elementor-element-3aa8329a e-con-full e-flex e-con e-parent\" data-id=\"3aa8329a\" data-element_type=\"container\" data-settings=\"{&quot;background_background&quot;:&quot;classic&quot;}\">\n\t\t\t\t<div class=\"elementor-element elementor-element-1abb56e elementor-widget elementor-widget-heading\" data-id=\"1abb56e\" data-element_type=\"widget\" data-widget_type=\"heading.default\">\n\t\t\t\t\t<h2 class=\"elementor-heading-title elementor-size-default\">Nutrition trends<\/h2>\t\t\t\t<\/div>\n\t\t\t\t<div class=\"elementor-element elementor-element-415ad5b elementor-widget elementor-widget-text-editor\" data-id=\"415ad5b\" data-element_type=\"widget\" data-widget_type=\"text-editor.default\">\n\t\t\t\t\t\t\t\t\t<p>The blog for nutrition and lifestyle.<br> For a conscious lifestyle, exciting food innovations,<br> Clever life hacks and the latest trends from the world of nutrition.<\/p>\t\t\t\t\t\t\t\t<\/div>\n\t\t\t\t<div class=\"elementor-element elementor-element-0d30173 elementor-widget elementor-widget-button\" data-id=\"0d30173\" data-element_type=\"widget\" data-widget_type=\"button.default\">\n\t\t\t\t\t\t\t\t\t\t<a class=\"elementor-button elementor-button-link elementor-size-sm\" href=\"https:\/\/ernaehrungstrends.com\/index.php\/ratgeber\/\">\n\t\t\t\t\t\t<span class=\"elementor-button-content-wrapper\">\n\t\t\t\t\t\t\t\t\t<span class=\"elementor-button-text\">counselor<\/span>\n\t\t\t\t\t<\/span>\n\t\t\t\t\t<\/a>\n\t\t\t\t\t\t\t\t<\/div>\n\t\t\t\t<\/div>\n\t\t<div class=\"elementor-element elementor-element-1e94468 e-flex e-con-boxed e-con e-parent\" data-id=\"1e94468\" data-element_type=\"container\">\n\t\t\t\t\t<div class=\"e-con-inner\">\n\t\t\t\t<div class=\"elementor-element elementor-element-74bc236 elementor-widget elementor-widget-ColorMag-Posts-Grid-3\" data-id=\"74bc236\" data-element_type=\"widget\" data-widget_type=\"ColorMag-Posts-Grid-3.default\">\n\t\t\t\t<div class=\"elementor-widget-container\">\n\t\t\t\t\t\n        <div class=\"tg-module-grid tg-module-grid--style-3 tg-module-wrapper\">\n            \n            <div class=\"tg-row thinner\">\n                            <\/div>\n        <\/div>\n\n        \t\t\t\t<\/div>\n\t\t\t\t<\/div>\n\t\t\t\t\t<\/div>\n\t\t\t\t<\/div>\n\t\t<div class=\"elementor-element elementor-element-67c8513 e-flex e-con-boxed e-con e-parent\" data-id=\"67c8513\" data-element_type=\"container\">\n\t\t\t\t\t<div class=\"e-con-inner\">\n\t\t<div class=\"elementor-element elementor-element-c09c8ae e-con-full e-flex e-con e-child\" data-id=\"c09c8ae\" data-element_type=\"container\" data-settings=\"{&quot;background_background&quot;:&quot;classic&quot;}\">\n\t\t\t\t<div class=\"elementor-element elementor-element-aae687e elementor-widget elementor-widget-heading\" data-id=\"aae687e\" data-element_type=\"widget\" data-widget_type=\"heading.default\">\n\t\t\t\t\t<h2 class=\"elementor-heading-title elementor-size-default\">Trends<\/h2>\t\t\t\t<\/div>\n\t\t\t\t<\/div>\n\t\t<div class=\"elementor-element elementor-element-f00083c e-con-full e-flex e-con e-child\" data-id=\"f00083c\" data-element_type=\"container\" data-settings=\"{&quot;background_background&quot;:&quot;classic&quot;}\">\n\t\t\t\t<div class=\"elementor-element elementor-element-6ef31d7 elementor-widget elementor-widget-heading\" data-id=\"6ef31d7\" data-element_type=\"widget\" data-widget_type=\"heading.default\">\n\t\t\t\t\t<h2 class=\"elementor-heading-title elementor-size-default\">Nutrition<\/h2>\t\t\t\t<\/div>\n\t\t\t\t<\/div>\n\t\t<div class=\"elementor-element elementor-element-a701665 e-con-full e-flex e-con e-child\" data-id=\"a701665\" data-element_type=\"container\" data-settings=\"{&quot;background_background&quot;:&quot;classic&quot;}\">\n\t\t\t\t<div class=\"elementor-element elementor-element-ce790c8 elementor-widget elementor-widget-heading\" data-id=\"ce790c8\" data-element_type=\"widget\" data-widget_type=\"heading.default\">\n\t\t\t\t\t<h2 class=\"elementor-heading-title elementor-size-default\">Lifestyle<\/h2>\t\t\t\t<\/div>\n\t\t\t\t<\/div>\n\t\t\t\t\t<\/div>\n\t\t\t\t<\/div>\n\t\t<div class=\"elementor-element elementor-element-ceba828 e-flex e-con-boxed e-con e-parent\" data-id=\"ceba828\" data-element_type=\"container\">\n\t\t\t\t\t<div class=\"e-con-inner\">\n\t\t<div class=\"elementor-element elementor-element-df6f6ec e-con-full e-flex e-con e-child\" data-id=\"df6f6ec\" data-element_type=\"container\">\n\t\t\t\t<div class=\"elementor-element elementor-element-7ccef49 elementor-widget elementor-widget-ColorMag-Posts-Block-6\" data-id=\"7ccef49\" data-element_type=\"widget\" data-widget_type=\"ColorMag-Posts-Block-6.default\">\n\t\t\t\t<div class=\"elementor-widget-container\">\n\t\t\t\t\t\n\t\t<div class=\"tg-module-block tg-module-block--style-6 tg-module-wrapper\">\n\t\t\t\n\t\t<div class=\"tg-module-title-wrap\">\n\t\t\t<h4 class=\"module-title\">\n\t\t\t\t<span>Ern\u00e4hrung<\/span>\n\t\t\t<\/h4>\n\t\t<\/div>\n\n\t\t\n\t\t\t<div class=\"tg-row\">\n\t\t\t\t\t\t\t<\/div>\n\t\t<\/div>\n\n\t\t\t\t\t\t<\/div>\n\t\t\t\t<\/div>\n\t\t\t\t<\/div>\n\t\t<div class=\"elementor-element elementor-element-d19dbfb e-con-full e-flex e-con e-child\" data-id=\"d19dbfb\" data-element_type=\"container\">\n\t\t\t\t<div class=\"elementor-element elementor-element-db357b5 elementor-widget elementor-widget-ColorMag-Posts-Block-1\" data-id=\"db357b5\" data-element_type=\"widget\" data-widget_type=\"ColorMag-Posts-Block-1.default\">\n\t\t\t\t<div class=\"elementor-widget-container\">\n\t\t\t\t\t\n\t\t<div class=\"tg-module-block tg-module-block--style-1 tg-module-wrapper\">\n\t\t\t\n\t\t<div class=\"tg-module-title-wrap\">\n\t\t\t<h4 class=\"module-title\">\n\t\t\t\t<span>Trends<\/span>\n\t\t\t<\/h4>\n\t\t<\/div>\n\n\t\t\n\t\t\t<div class=\"tg-row\">\n\t\t\t\t\t\t\t<\/div>\n\t\t<\/div>\n\n\t\t\t\t\t\t<\/div>\n\t\t\t\t<\/div>\n\t\t\t\t<\/div>\n\t\t\t\t\t<\/div>\n\t\t\t\t<\/div>\n\t\t<div class=\"elementor-element elementor-element-b750753 e-flex e-con-boxed e-con e-parent\" data-id=\"b750753\" data-element_type=\"container\">\n\t\t\t\t\t<div class=\"e-con-inner\">\n\t\t\t\t<div class=\"elementor-element elementor-element-028134f elementor-widget elementor-widget-ColorMag-Posts-Grid-5\" data-id=\"028134f\" data-element_type=\"widget\" data-widget_type=\"ColorMag-Posts-Grid-5.default\">\n\t\t\t\t<div class=\"elementor-widget-container\">\n\t\t\t\t\t\n        <div class=\"tg-module-grid tg-module-grid--style-5 tg-module-wrapper\">\n            \n\t\t<div class=\"tg-module-title-wrap\">\n\t\t\t<h4 class=\"module-title\">\n\t\t\t\t<span>Produkte<\/span>\n\t\t\t<\/h4>\n\t\t<\/div>\n\n\t\t\n            <div class=\"tg-row thinner\">\n                            <\/div>\n        <\/div>\n\n        \t\t\t\t<\/div>\n\t\t\t\t<\/div>\n\t\t\t\t\t<\/div>\n\t\t\t\t<\/div>\n\t\t<div class=\"elementor-element elementor-element-31856d1 e-con-full e-flex e-con e-parent\" data-id=\"31856d1\" data-element_type=\"container\" data-settings=\"{&quot;background_background&quot;:&quot;classic&quot;}\">\n\t\t\t\t<div class=\"elementor-element elementor-element-b230f4e elementor-widget elementor-widget-heading\" data-id=\"b230f4e\" data-element_type=\"widget\" data-widget_type=\"heading.default\">\n\t\t\t\t\t<h2 class=\"elementor-heading-title elementor-size-default\">Healthy, smart, trendy<br> Rethinking nutrition<\/h2>\t\t\t\t<\/div>\n\t\t\t\t<div class=\"elementor-element elementor-element-e6f3d1f elementor-widget elementor-widget-text-editor\" data-id=\"e6f3d1f\" data-element_type=\"widget\" data-widget_type=\"text-editor.default\">\n\t\t\t\t\t\t\t\t\t<p>From smart gadgets to practical everyday tips \u2013 we&#8217;ll show you,<br> how nutrition can be simple, modern and enjoyable.<\/p>\t\t\t\t\t\t\t\t<\/div>\n\t\t\t\t<div class=\"elementor-element elementor-element-8e2c463 elementor-widget elementor-widget-button\" data-id=\"8e2c463\" data-element_type=\"widget\" data-widget_type=\"button.default\">\n\t\t\t\t\t\t\t\t\t\t<a class=\"elementor-button elementor-button-link elementor-size-sm\" href=\"https:\/\/ernaehrungstrends.com\/index.php\/ratgeber\/\">\n\t\t\t\t\t\t<span class=\"elementor-button-content-wrapper\">\n\t\t\t\t\t\t\t\t\t<span class=\"elementor-button-text\">Learn more<\/span>\n\t\t\t\t\t<\/span>\n\t\t\t\t\t<\/a>\n\t\t\t\t\t\t\t\t<\/div>\n\t\t\t\t<\/div>\n\t\t<div class=\"elementor-element elementor-element-1582b74 e-flex e-con-boxed e-con e-parent\" data-id=\"1582b74\" data-element_type=\"container\">\n\t\t\t\t\t<div class=\"e-con-inner\">\n\t\t\t\t<div class=\"elementor-element elementor-element-2005e4b elementor-widget elementor-widget-ColorMag-Posts-Block-4\" data-id=\"2005e4b\" data-element_type=\"widget\" data-widget_type=\"ColorMag-Posts-Block-4.default\">\n\t\t\t\t<div class=\"elementor-widget-container\">\n\t\t\t\t\t\n\t\t<div class=\"tg-module-block tg-module-block--style-4 tg-module-wrapper\">\n\t\t\n\t\t<div class=\"tg-module-title-wrap\">\n\t\t\t<h4 class=\"module-title\">\n\t\t\t\t<span>Gadgets<\/span>\n\t\t\t<\/h4>\n\t\t<\/div>\n\n\t\t\t\t\t\t<\/div>\n\n\t\t\t\t\t\t\t\t<\/div>\n\t\t\t\t<\/div>\n\t\t\t\t\t<\/div>\n\t\t\t\t<\/div>\n\t\t<div class=\"elementor-element elementor-element-85cdff5 e-flex e-con-boxed e-con e-parent\" data-id=\"85cdff5\" data-element_type=\"container\">\n\t\t\t\t\t<div class=\"e-con-inner\">\n\t\t\t\t<div class=\"elementor-element elementor-element-ce85be8 elementor-widget elementor-widget-ColorMag-Posts-Grid-4\" data-id=\"ce85be8\" data-element_type=\"widget\" data-widget_type=\"ColorMag-Posts-Grid-4.default\">\n\t\t\t\t<div class=\"elementor-widget-container\">\n\t\t\t\t\t\n        <div class=\"tg-module-grid tg-module-grid--style-4 tg-module-wrapper\">\n            \n\t\t<div class=\"tg-module-title-wrap\">\n\t\t\t<h4 class=\"module-title\">\n\t\t\t\t<span>Lifehacks<\/span>\n\t\t\t<\/h4>\n\t\t<\/div>\n\n\t\t\n            <div class=\"tg-row thinner\">\n                            <\/div>\n        <\/div>\n\n        \t\t\t\t<\/div>\n\t\t\t\t<\/div>\n\t\t\t\t\t<\/div>\n\t\t\t\t<\/div>\n\t\t\t\t<\/div>\n\t\t","protected":false},"excerpt":{"rendered":"<p>Nutrition trends The blog for nutrition and lifestyle. For a conscious lifestyle, exciting food innovations, Clever life hacks and the<\/p>\n","protected":false},"author":1,"featured_media":0,"parent":0,"menu_order":0,"comment_status":"closed","ping_status":"closed","template":"page-templates\/page-builder.php","meta":{"colormag_page_layout":"default_layout","footnotes":""},"class_list":["post-2591","page","type-page","status-publish","hentry"],"magazineBlocksPostFeaturedMedia":{"thumbnail":false,"medium":false,"medium_large":false,"large":false,"1536x1536":false,"2048x2048":false,"colormag-highlighted-post":false,"colormag-featured-post-medium":false,"colormag-featured-post-small":false,"colormag-featured-image":false,"colormag-default-news":false,"colormag-featured-image-large":false,"colormag-elementor-block-extra-large-thumbnail":false,"colormag-elementor-grid-large-thumbnail":false,"colormag-elementor-grid-small-thumbnail":false,"colormag-elementor-grid-medium-large-thumbnail":false},"magazineBlocksPostAuthor":{"name":"admin","avatar":"https:\/\/secure.gravatar.com\/avatar\/814f553b279c2f7b5702788688e15032b189442831575feee85acfac8f52868f?s=96&d=mm&r=g"},"magazineBlocksPostCommentsNumber":false,"magazineBlocksPostExcerpt":"Nutrition trends The blog for nutrition and lifestyle. For a conscious lifestyle, exciting food innovations, Clever life hacks and the","magazineBlocksPostCategories":[],"magazineBlocksPostViewCount":0,"magazineBlocksPostReadTime":3,"yoast_head":"<!-- This site is optimized with the Yoast SEO plugin v25.8 - https:\/\/yoast.com\/wordpress\/plugins\/seo\/ -->\n<title>Home - Ern\u00e4hrungstrends<\/title>\n<meta name=\"description\" content=\"Home - Dein Ratgeber f\u00fcr den Alltag. In diesem Blog erhalten Sie Tipps &amp; Tricks, die Ihr Leben erleichtern.\" \/>\n<meta name=\"robots\" content=\"index, follow, max-snippet:-1, max-image-preview:large, max-video-preview:-1\" \/>\n<link rel=\"canonical\" href=\"https:\/\/ernaehrungstrends.com\/en\/\" \/>\n<meta property=\"og:locale\" content=\"en_US\" \/>\n<meta property=\"og:type\" content=\"article\" \/>\n<meta property=\"og:title\" content=\"Home - Ern\u00e4hrungstrends\" \/>\n<meta property=\"og:description\" content=\"Home - Dein Ratgeber f\u00fcr den Alltag. In diesem Blog erhalten Sie Tipps &amp; Tricks, die Ihr Leben erleichtern.\" \/>\n<meta property=\"og:url\" content=\"https:\/\/ernaehrungstrends.com\/en\/\" \/>\n<meta property=\"og:site_name\" content=\"Ern\u00e4hrungstrends\" \/>\n<meta property=\"article:modified_time\" content=\"2026-01-14T15:28:05+00:00\" \/>\n<meta property=\"og:image\" content=\"https:\/\/ernaehrungstrends.com\/wp-content\/uploads\/2025\/09\/pexels-hkn-clk-2148641156-30936380-600x417.jpg\" \/>\n<meta name=\"twitter:card\" content=\"summary_large_image\" \/>\n<meta name=\"twitter:label1\" content=\"Est. reading time\" \/>\n\t<meta name=\"twitter:data1\" content=\"3 minutes\" \/>\n<script type=\"application\/ld+json\" class=\"yoast-schema-graph\">{\"@context\":\"https:\/\/schema.org\",\"@graph\":[{\"@type\":\"WebPage\",\"@id\":\"https:\/\/ernaehrungstrends.com\/en\/\",\"url\":\"https:\/\/ernaehrungstrends.com\/en\/\",\"name\":\"Home - Ern\u00e4hrungstrends\",\"isPartOf\":{\"@id\":\"https:\/\/ernaehrungstrends.com\/en\/#website\"},\"primaryImageOfPage\":{\"@id\":\"https:\/\/ernaehrungstrends.com\/en\/#primaryimage\"},\"image\":{\"@id\":\"https:\/\/ernaehrungstrends.com\/en\/#primaryimage\"},\"thumbnailUrl\":\"https:\/\/ernaehrungstrends.com\/wp-content\/uploads\/2025\/09\/pexels-hkn-clk-2148641156-30936380-600x417.jpg\",\"datePublished\":\"2025-03-21T06:48:52+00:00\",\"dateModified\":\"2026-01-14T15:28:05+00:00\",\"description\":\"Home - Dein Ratgeber f\u00fcr den Alltag. In diesem Blog erhalten Sie Tipps & Tricks, die Ihr Leben erleichtern.\",\"breadcrumb\":{\"@id\":\"https:\/\/ernaehrungstrends.com\/en\/#breadcrumb\"},\"inLanguage\":\"en-US\",\"potentialAction\":[{\"@type\":\"ReadAction\",\"target\":[\"https:\/\/ernaehrungstrends.com\/en\/\"]}]},{\"@type\":\"ImageObject\",\"inLanguage\":\"en-US\",\"@id\":\"https:\/\/ernaehrungstrends.com\/en\/#primaryimage\",\"url\":\"https:\/\/ernaehrungstrends.com\/wp-content\/uploads\/2025\/09\/pexels-hkn-clk-2148641156-30936380-600x417.jpg\",\"contentUrl\":\"https:\/\/ernaehrungstrends.com\/wp-content\/uploads\/2025\/09\/pexels-hkn-clk-2148641156-30936380-600x417.jpg\"},{\"@type\":\"BreadcrumbList\",\"@id\":\"https:\/\/ernaehrungstrends.com\/en\/#breadcrumb\",\"itemListElement\":[{\"@type\":\"ListItem\",\"position\":1,\"name\":\"Startseite\",\"item\":\"https:\/\/ernaehrungstrends.com\/en\/\"},{\"@type\":\"ListItem\",\"position\":2,\"name\":\"Home\"}]},{\"@type\":\"WebSite\",\"@id\":\"https:\/\/ernaehrungstrends.com\/en\/#website\",\"url\":\"https:\/\/ernaehrungstrends.com\/en\/\",\"name\":\"Ern\u00e4hrungstrends\",\"description\":\"Der Blog f\u00fcr einen bewussten Lebensstil und die neuesten Trends aus der Welt der Ern\u00e4hrung.\",\"publisher\":{\"@id\":\"https:\/\/ernaehrungstrends.com\/en\/#organization\"},\"potentialAction\":[{\"@type\":\"SearchAction\",\"target\":{\"@type\":\"EntryPoint\",\"urlTemplate\":\"https:\/\/ernaehrungstrends.com\/en\/?s={search_term_string}\"},\"query-input\":{\"@type\":\"PropertyValueSpecification\",\"valueRequired\":true,\"valueName\":\"search_term_string\"}}],\"inLanguage\":\"en-US\"},{\"@type\":\"Organization\",\"@id\":\"https:\/\/ernaehrungstrends.com\/en\/#organization\",\"name\":\"Ern\u00e4hrungstrends\",\"url\":\"https:\/\/ernaehrungstrends.com\/en\/\",\"logo\":{\"@type\":\"ImageObject\",\"inLanguage\":\"en-US\",\"@id\":\"https:\/\/ernaehrungstrends.com\/en\/#\/schema\/logo\/image\/\",\"url\":\"https:\/\/ernaehrungstrends.com\/wp-content\/uploads\/2025\/09\/cropped-logo.png\",\"contentUrl\":\"https:\/\/ernaehrungstrends.com\/wp-content\/uploads\/2025\/09\/cropped-logo.png\",\"width\":625,\"height\":391,\"caption\":\"Ern\u00e4hrungstrends\"},\"image\":{\"@id\":\"https:\/\/ernaehrungstrends.com\/en\/#\/schema\/logo\/image\/\"}}]}<\/script>\n<!-- \/ Yoast SEO plugin. -->","yoast_head_json":{"title":"Home - Ern\u00e4hrungstrends","description":"Home - Dein Ratgeber f\u00fcr den Alltag. In diesem Blog erhalten Sie Tipps & Tricks, die Ihr Leben erleichtern.","robots":{"index":"index","follow":"follow","max-snippet":"max-snippet:-1","max-image-preview":"max-image-preview:large","max-video-preview":"max-video-preview:-1"},"canonical":"https:\/\/ernaehrungstrends.com\/en\/","og_locale":"en_US","og_type":"article","og_title":"Home - Ern\u00e4hrungstrends","og_description":"Home - Dein Ratgeber f\u00fcr den Alltag. In diesem Blog erhalten Sie Tipps & Tricks, die Ihr Leben erleichtern.","og_url":"https:\/\/ernaehrungstrends.com\/en\/","og_site_name":"Ern\u00e4hrungstrends","article_modified_time":"2026-01-14T15:28:05+00:00","og_image":[{"url":"https:\/\/ernaehrungstrends.com\/wp-content\/uploads\/2025\/09\/pexels-hkn-clk-2148641156-30936380-600x417.jpg","type":"","width":"","height":""}],"twitter_card":"summary_large_image","twitter_misc":{"Est. reading time":"3 minutes"},"schema":{"@context":"https:\/\/schema.org","@graph":[{"@type":"WebPage","@id":"https:\/\/ernaehrungstrends.com\/en\/","url":"https:\/\/ernaehrungstrends.com\/en\/","name":"Home - Ern\u00e4hrungstrends","isPartOf":{"@id":"https:\/\/ernaehrungstrends.com\/en\/#website"},"primaryImageOfPage":{"@id":"https:\/\/ernaehrungstrends.com\/en\/#primaryimage"},"image":{"@id":"https:\/\/ernaehrungstrends.com\/en\/#primaryimage"},"thumbnailUrl":"https:\/\/ernaehrungstrends.com\/wp-content\/uploads\/2025\/09\/pexels-hkn-clk-2148641156-30936380-600x417.jpg","datePublished":"2025-03-21T06:48:52+00:00","dateModified":"2026-01-14T15:28:05+00:00","description":"Home - Dein Ratgeber f\u00fcr den Alltag. In diesem Blog erhalten Sie Tipps & Tricks, die Ihr Leben erleichtern.","breadcrumb":{"@id":"https:\/\/ernaehrungstrends.com\/en\/#breadcrumb"},"inLanguage":"en-US","potentialAction":[{"@type":"ReadAction","target":["https:\/\/ernaehrungstrends.com\/en\/"]}]},{"@type":"ImageObject","inLanguage":"en-US","@id":"https:\/\/ernaehrungstrends.com\/en\/#primaryimage","url":"https:\/\/ernaehrungstrends.com\/wp-content\/uploads\/2025\/09\/pexels-hkn-clk-2148641156-30936380-600x417.jpg","contentUrl":"https:\/\/ernaehrungstrends.com\/wp-content\/uploads\/2025\/09\/pexels-hkn-clk-2148641156-30936380-600x417.jpg"},{"@type":"BreadcrumbList","@id":"https:\/\/ernaehrungstrends.com\/en\/#breadcrumb","itemListElement":[{"@type":"ListItem","position":1,"name":"Startseite","item":"https:\/\/ernaehrungstrends.com\/en\/"},{"@type":"ListItem","position":2,"name":"Home"}]},{"@type":"WebSite","@id":"https:\/\/ernaehrungstrends.com\/en\/#website","url":"https:\/\/ernaehrungstrends.com\/en\/","name":"Ern\u00e4hrungstrends","description":"Der Blog f\u00fcr einen bewussten Lebensstil und die neuesten Trends aus der Welt der Ern\u00e4hrung.","publisher":{"@id":"https:\/\/ernaehrungstrends.com\/en\/#organization"},"potentialAction":[{"@type":"SearchAction","target":{"@type":"EntryPoint","urlTemplate":"https:\/\/ernaehrungstrends.com\/en\/?s={search_term_string}"},"query-input":{"@type":"PropertyValueSpecification","valueRequired":true,"valueName":"search_term_string"}}],"inLanguage":"en-US"},{"@type":"Organization","@id":"https:\/\/ernaehrungstrends.com\/en\/#organization","name":"Ern\u00e4hrungstrends","url":"https:\/\/ernaehrungstrends.com\/en\/","logo":{"@type":"ImageObject","inLanguage":"en-US","@id":"https:\/\/ernaehrungstrends.com\/en\/#\/schema\/logo\/image\/","url":"https:\/\/ernaehrungstrends.com\/wp-content\/uploads\/2025\/09\/cropped-logo.png","contentUrl":"https:\/\/ernaehrungstrends.com\/wp-content\/uploads\/2025\/09\/cropped-logo.png","width":625,"height":391,"caption":"Ern\u00e4hrungstrends"},"image":{"@id":"https:\/\/ernaehrungstrends.com\/en\/#\/schema\/logo\/image\/"}}]}},"_links":{"self":[{"href":"https:\/\/ernaehrungstrends.com\/en\/wp-json\/wp\/v2\/pages\/2591","targetHints":{"allow":["GET"]}}],"collection":[{"href":"https:\/\/ernaehrungstrends.com\/en\/wp-json\/wp\/v2\/pages"}],"about":[{"href":"https:\/\/ernaehrungstrends.com\/en\/wp-json\/wp\/v2\/types\/page"}],"author":[{"embeddable":true,"href":"https:\/\/ernaehrungstrends.com\/en\/wp-json\/wp\/v2\/users\/1"}],"replies":[{"embeddable":true,"href":"https:\/\/ernaehrungstrends.com\/en\/wp-json\/wp\/v2\/comments?post=2591"}],"version-history":[{"count":1,"href":"https:\/\/ernaehrungstrends.com\/en\/wp-json\/wp\/v2\/pages\/2591\/revisions"}],"predecessor-version":[{"id":2597,"href":"https:\/\/ernaehrungstrends.com\/en\/wp-json\/wp\/v2\/pages\/2591\/revisions\/2597"}],"wp:attachment":[{"href":"https:\/\/ernaehrungstrends.com\/en\/wp-json\/wp\/v2\/media?parent=2591"}],"curies":[{"name":"wp","href":"https:\/\/api.w.org\/{rel}","templated":true}]}}